{"id":896,"date":"2022-08-31T11:36:53","date_gmt":"2022-08-31T09:36:53","guid":{"rendered":"https:\/\/dmn.cmswordpress.dk\/?page_id=896"},"modified":"2024-01-15T15:02:51","modified_gmt":"2024-01-15T15:02:51","slug":"member-overview","status":"publish","type":"page","link":"https:\/\/www.dmn-net.com\/en\/plastnet\/member-overview\/","title":{"rendered":"Member overview"},"content":{"rendered":"<ol class=\"members-list\">\n<li>A\/S \u00d8stbirk Bygningsindustri<br \/>\nHeimdalsvej 19, DK-7200 Grindsted<\/li>\n<li><a href=\"https:\/\/agonlifting.com\/da\/\" target=\"_blank\" rel=\"noopener\">Agon A\/S<\/a><br \/>\nGammelbro 70E, 1 9., DK-7190 Billund<\/li>\n<li><a href=\"http:\/\/www.agtrup-plast.dk\/\" target=\"_blank\" rel=\"noopener\">Agtrup Plast ApS<\/a><br \/>\nEssen 12, DK-6000 Kolding<\/li>\n<li><a href=\"http:\/\/www.albis.com\/\" target=\"_blank\" rel=\"noopener\">Albis Plastic Scandinavia AB<\/a><br \/>\nPostgatan 28, S-411 06 G\u00f6teborg<\/li>\n<li>Altha ApS<br \/>\nHvidbjergvej 7C, DK-7080 B\u00f8rkop<\/li>\n<li><a href=\"http:\/\/www.unichains.dk\/\" target=\"_blank\" rel=\"noopener\">Ammeraal Beltech Modular A\/S<\/a><br \/>\nHjulmagervej 21, DK-7100 Vejle<\/li>\n<li><a href=\"http:\/\/www.amusyd.dk\/\" target=\"_blank\" rel=\"noopener\">AMU SYD<\/a><br \/>\nPlastafdelingen, Snepsg\u00e5rdevej 20, DK-6760 Ribe<\/li>\n<li><a href=\"https:\/\/avkplast.dk\/\" target=\"_blank\" rel=\"noopener\">AVK Plast A\/S<\/a><br \/>\n\u00d8ster Vedstedvej 26 A, DK-6760 Ribe<\/li>\n<li><a href=\"http:\/\/www.basf.dk\/\" target=\"_blank\" rel=\"noopener\">BASF A\/S<\/a><br \/>\nKalvebod Brygge 45, DK-1560 K\u00f8benhavn V<\/li>\n<li><a href=\"http:\/\/superfos.com\/Contact\/Superfos-Randers-Denmark\" target=\"_blank\" rel=\"noopener\">Berry Superfos Randers A\/S<\/a><br \/>\nHaraldsvej 25, DK-8960 Randers S\u00d8<\/li>\n<li><a href=\"http:\/\/www.bogenseplast.dk\/\" target=\"_blank\" rel=\"noopener\">Bogense Plast as<\/a><br \/>\nFynsvej 14, DK-5400 Bogense<\/li>\n<li><a href=\"http:\/\/www.eeu.dk\/\" target=\"_blank\" rel=\"noopener\">Business Esbjerg<\/a><br \/>\nNiels Bohrs Vej 6, DK-6700 Esbjerg<\/li>\n<li><a href=\"http:\/\/www.coloplast.com\/\" target=\"_blank\" rel=\"noopener\">Coloplast A\/S<\/a><br \/>\nHoltedam 1, DK-3050 Humleb\u00e6k<\/li>\n<li><a href=\"http:\/\/www.cooptrading.com\/\" target=\"_blank\" rel=\"noopener\">Coop Trading A\/S<\/a><br \/>\nHelgesh\u00f8j All\u00e9 57, DK-2630 Taastrup<\/li>\n<li><a href=\"http:\/\/www.conpol.com\/\" target=\"_blank\" rel=\"noopener\">Controlled Polymers A\/S<\/a><br \/>\nBohrsvej 8, DK-6760 Ribe<\/li>\n<li>DanFoam<br \/>\nHolmelund 43, DK-5560 Aarup<\/li>\n<li><a href=\"http:\/\/www.danishfibres.dk\/\" target=\"_blank\" rel=\"noopener\">Danish Fibres<\/a><br \/>\nSnedkervej 1, DK-6800 Varde<\/li>\n<li><a href=\"http:\/\/www.dkaffald.dk\/\" target=\"_blank\" rel=\"noopener\">Dansk Affaldsminimering ApS<\/a><br \/>\nIndustridalen 10, DK-8870 Lang\u00e5<\/li>\n<li><a href=\"http:\/\/www.dbi-net.dk\/\" target=\"_blank\" rel=\"noopener\">Dansk Brand- og Sikringsteknisk Institut (DBI)<\/a><br \/>\nJernholmen 12, DK-2650 Hvidovre<\/li>\n<li><a href=\"http:\/\/www.dfm.dtu.dk\/\" target=\"_blank\" rel=\"noopener\">Dansk Fundamental Metrologi A\/S<\/a><br \/>\nMatematiktorvet 307, DK-2800 Kgs. Lyngby<\/li>\n<li><a href=\"http:\/\/danskgummi.com\/\" target=\"_blank\" rel=\"noopener\">Dansk Gummi Industri A\/S<\/a><br \/>\nProfilvej 18, DK-6000 Kolding<\/li>\n<li><a href=\"http:\/\/www.dencker.net\/forside\/\" target=\"_blank\" rel=\"noopener\">Dencker A\/S<\/a><br \/>\nF\u00e6r\u00f8vej 2, DK-7900 Nyk\u00f8bing Mors<\/li>\n<li><a href=\"https:\/\/www.desmi.com\/pumps.aspx\" target=\"_blank\" rel=\"noopener\">DESMI Ro-Clean A\/S<\/a><br \/>\nHestehaven 61, DK-5260 Odense S<\/li>\n<li><a href=\"http:\/\/ehrno.dk\/\" target=\"_blank\" rel=\"noopener\">EHRNO flexible a\/s<\/a><br \/>\nIndustrivej Nord 5, DK-7400 Herning<\/li>\n<li><a href=\"https:\/\/elbaekconsult.dk\/\" target=\"_blank\" rel=\"noopener\">Elb\u00e6k Consult<\/a><br \/>\nK\u00e5lundsvej 7, DK-5230 Odense M<\/li>\n<li><a href=\"http:\/\/www.elektro-isola.dk\/%E2%80%8E\" target=\"_blank\" rel=\"noopener\">Elektro-Isola A\/S<\/a><br \/>\nGr\u00f8nlandsvej 197, DK-7100 Vejle<\/li>\n<li>Embla v\/Birgit Kj\u00e6rside Storm<br \/>\nGabelsparken 82, DK-6740 Bramming<\/li>\n<li><a href=\"https:\/\/eicluster.dk\/sekretariat\" target=\"_blank\" rel=\"noopener\">Energy Innovation Cluster<\/a><br \/>\nKanalen 1, DK-6700 Esbjerg<\/li>\n<li><a href=\"http:\/\/www.ensinger.dk\/dk\/\" target=\"_blank\" rel=\"noopener\">Ensinger Danmark A\/S<\/a><br \/>\nHuginsvej 15, DK-4100 Ringsted<\/li>\n<li><a href=\"http:\/\/www.erp.se\/\" target=\"_blank\" rel=\"noopener\">Erteco Rubber &amp; Plastics<\/a><br \/>\nGunhilds Plads 6, 2., DK-7100 Vejle<\/li>\n<li><a href=\"http:\/\/www.esbjergkommune.dk\/\" target=\"_blank\" rel=\"noopener\">Esbjerg Kommune<\/a><br \/>\nTorvegade 74, DK-6700 Esbjerg<\/li>\n<li><a href=\"http:\/\/www.eurofins.dk\/dk\/product-testing.aspx\" target=\"_blank\" rel=\"noopener\">Eurofins Product Testing A\/S<\/a><br \/>\nSmedeskovvej 38, DK-8464 Galten<\/li>\n<li><a href=\"http:\/\/fiberline.dk\/\" target=\"_blank\" rel=\"noopener\">Fiberline Composites A\/S<\/a><br \/>\nBarmstedt All\u00e9 5, DK-5500 Middelfart<\/li>\n<li><a href=\"http:\/\/www.forbo.com\/movement\/da-dk\/\" target=\"_blank\" rel=\"noopener\">Forbo Siegling Danmark A\/S<\/a><br \/>\nIndustrivej 15, DK-6640 Lunderskov<\/li>\n<li><a href=\"http:\/\/www.gibo.dk\/\" target=\"_blank\" rel=\"noopener\">GIBO PLAST A\/S<\/a><br \/>\nFerrodanvej 14, DK-6900 Skjern<\/li>\n<li><a href=\"http:\/\/www.houseofcomposites.com\/\" target=\"_blank\" rel=\"noopener\">House of Composites ApS<\/a><br \/>\n\u00d8dis Enghave 2, DK-6580 Vamdrup<\/li>\n<li><a href=\"https:\/\/house-of-energy.dk\/\" target=\"_blank\" rel=\"noopener\">House of Energy<\/a><br \/>\nBoulevarden 13, DK-9000 Aalborg<\/li>\n<li><a href=\"https:\/\/letbek.com\/\" target=\"_blank\" rel=\"noopener\">Letbek A\/S<\/a><br \/>\nHornevej 18, DK-6862 Tistrup<\/li>\n<li><a href=\"http:\/\/www.linak.dk\/\" target=\"_blank\" rel=\"noopener\">Linak A\/S<\/a><br \/>\nSmedev\u00e6nget 8 , Guderup, DK-6430 Nordborg<\/li>\n<li><a href=\"http:\/\/www.linatex.dk\/\" target=\"_blank\" rel=\"noopener\">Linatex A\/S<\/a><br \/>\nSmedeholm 3-5, DK-2730 Herlev<\/li>\n<li><a href=\"https:\/\/logicon-nordic.dk\/\" target=\"_blank\" rel=\"noopener\">LogiCon Nordic A\/S<\/a><br \/>\nKokbjerg 25, DK-6000 Kolding<\/li>\n<li><a href=\"https:\/\/www.macartney.com\/\" target=\"_blank\" rel=\"noopener\">Macartney A\/S<\/a><br \/>\nGl. Guldagervej 48, DK-6710 Esbjerg V<\/li>\n<li><a href=\"http:\/\/www.mmf.dk\/\" target=\"_blank\" rel=\"noopener\">Maskinmestrenes Forening<\/a><br \/>\nSankt Ann\u00e6 Plads 16, DK-1250 K\u00f8benhavn K<\/li>\n<li>Mekanor Spf.<br \/>\nT\u00favuvegur 8, FO-700 Klaksvik<\/li>\n<li><a href=\"https:\/\/meneta.dk\/\" target=\"_blank\" rel=\"noopener\">Meneta Composite Materials<\/a><br \/>\nStrandholtvej 49, DK-5270 Odense N<\/li>\n<li><a href=\"https:\/\/nordvaerk.dk\/\">Nordv\u00e6rk I\/S<\/a><br \/>\nTroensevej 2, DK-9220 Aalborg \u00d8st<\/li>\n<li><a href=\"https:\/\/www.nov.com\/products\/flexible-pipe-products\" target=\"_blank\" rel=\"noopener\">NOV Flexibles<\/a><br \/>\nPriorparken 480, DK-2605 Br\u00f8ndby<\/li>\n<li><a href=\"http:\/\/www.palsgaard.com\/\" target=\"_blank\" rel=\"noopener\">Palsgaard A\/S<\/a><br \/>\nPalsgaardsvej 10, DK-7130 Juelsminde<\/li>\n<li><a href=\"http:\/\/www.aarsleffpipe.dk\/\" target=\"_blank\" rel=\"noopener\">Per Aarsleff A\/S &#8211; R\u00f8rteknik<\/a><br \/>\nHasselager All\u00e9 5, DK-8260 Viby J<\/li>\n<li><a href=\"http:\/\/www.plastcenter.dk\/\" target=\"_blank\" rel=\"noopener\">Plast Center Danmark<\/a><br \/>\nNiels Bohrs Vej 6, DK-6700 Esbjerg<\/li>\n<li><a href=\"http:\/\/www.plast.dk\/\" target=\"_blank\" rel=\"noopener\">Plastindustrien i Danmark<\/a><br \/>\nVesterbrogade 1 E, 3., DK-1620 K\u00f8benhavn V<\/li>\n<li><a href=\"http:\/\/polyprint.dk\/\" target=\"_blank\" rel=\"noopener\">Polyprint A\/S<\/a><br \/>\nReprovej 5, DK-8722 Hedensted<\/li>\n<li><a href=\"http:\/\/www.primo.dk\/\" target=\"_blank\" rel=\"noopener\">Primo Danmark A\/S<\/a><br \/>\nJernbanegade 11, DK-6862 Tirstrup<\/li>\n<li><a href=\"https:\/\/quantafuel.com\/\" target=\"_blank\" rel=\"noopener\">Quantafuel Skive ApS<\/a><br \/>\nGreenlab 19, DK-7860 Sp\u00f8ttrup<\/li>\n<li><a href=\"https:\/\/www.ragnsells.dk\/\" target=\"_blank\" rel=\"noopener\">Ragnsells Danmark A\/S<\/a><br \/>\nIndustridalen 10B, DK-8870 Lang\u00e5<\/li>\n<li><a href=\"http:\/\/rcplast.dk\/\" target=\"_blank\" rel=\"noopener\">RC Plast A\/S<\/a><br \/>\nGellerupvej 112, DK-6700 Varde<\/li>\n<li><a href=\"https:\/\/redivivuspolymers.com\/\" target=\"_blank\" rel=\"noopener\">Redivuvus Polymers ApS<\/a><br \/>\nVesterbro 67, DK-8970 Havndal<\/li>\n<li><a href=\"http:\/\/www.rsip.com\/\" target=\"_blank\" rel=\"noopener\">Rolf Schmidt Industriplast A\/S<\/a><br \/>\nJernet 4H, DK-6000 Kolding<\/li>\n<li><a href=\"https:\/\/www.roechling.com\/dk\/industrial\/contact\/locations-industrial\/allingaabro-roechling-meta-plast-as\/virksomhed\/\" target=\"_blank\" rel=\"noopener\">R\u00f6chling Meta Plast A\/S<\/a><br \/>\nT\u00f8jstrupvej 31, DK-8961 Alling\u00e5bro<\/li>\n<li><a href=\"http:\/\/sempercycle.com\/\" target=\"_blank\" rel=\"noopener\">SemperCycle ApS<\/a><br \/>\nSortemosevej 21, DK-3450 Aller\u00f8d<\/li>\n<li><a href=\"https:\/\/www.sky-light.com\/da-dk?1\" target=\"_blank\" rel=\"noopener\">SKY-LIGHT A\/S<\/a><br \/>\nT\u00f8mrervej 36, DK-6800 Varde<\/li>\n<li>SOEREN DROMPH<br \/>\nGl. Strandvej 59a, DK-3050 Humleb\u00e6k<\/li>\n<li><a href=\"http:\/\/www.st-plast.dk\/\" target=\"_blank\" rel=\"noopener\">ST Plast a\/s<\/a><br \/>\nFalkevej 3, DK-6705 Esbjerg \u00d8<\/li>\n<li><a href=\"https:\/\/www.sde.dk\/\" target=\"_blank\" rel=\"noopener\">Syddansk Erhvervsskole<\/a><br \/>\nRisingsvej 60, DK-5000 Odense C<\/li>\n<li>S\u00f8ren Hvilsted<br \/>\nGrundtmannsvej 4, DK-2970 H\u00f8rsholm<\/li>\n<li><a href=\"https:\/\/textilechange.com\/\" target=\"_blank\" rel=\"noopener\">Textile Change<\/a><br \/>\nTysklandsvej 7, DK-7100 Vejle<\/li>\n<li><a href=\"https:\/\/www.trioplast.com\/sv\/\" target=\"_blank\" rel=\"noopener\">Trioplast Nyborg A\/S<\/a><br \/>\nT\u00e5singevej 1, DK-5800 Nyborg<\/li>\n<li><a href=\"http:\/\/www.velux.dk\/\" target=\"_blank\" rel=\"noopener\">VELUX A\/S<\/a><br \/>\nIndustrivej 22, DK-8752 \u00d8stbirk<\/li>\n<li><a href=\"http:\/\/www.viking-life.com\/\" target=\"_blank\" rel=\"noopener\">Viking Life-Saving Equipment A\/S<\/a><br \/>\nS\u00e6dding Ringvej 13, DK-6710 Esbjerg V<\/li>\n<li><a href=\"https:\/\/www.x-yachts.com\/en\/\" target=\"_blank\" rel=\"noopener\">X-Yachts A\/S<\/a><br \/>\nFjordagervej 21, DK-6100 Haderslev<\/li>\n<li><a href=\"http:\/\/www.aau.dk\/\" target=\"_blank\" rel=\"noopener\">Aalborg Universitet<\/a><br \/>\nNiels Bohrs Vej 8, DK-6700 Esbjerg<\/li>\n<li><a href=\"https:\/\/ingenioer.au.dk\/en\/\" target=\"_blank\" rel=\"noopener\">Aarhus Universitet &#8211; Institut for Mekanik og Produktion<\/a><br \/>\nInge Lehmanns Gade 10, DK-8000 Aarhus C<\/li>\n<\/ol>\n","protected":false},"excerpt":{"rendered":"<p>A\/S \u00d8stbirk Bygningsindustri Heimdalsvej 19, DK-7200 Grindsted Agon A\/S Gammelbro 70E, 1 9., DK-7190 Billund Agtrup Plast ApS Essen 12, DK-6000 Kolding Albis Plastic Scandinavia AB Postgatan 28, S-411 06 G\u00f6teborg Altha ApS Hvidbjergvej 7C, DK-7080 B\u00f8rkop Ammeraal Beltech Modular A\/S Hjulmagervej 21, DK-7100 Vejle AMU SYD Plastafdelingen, Snepsg\u00e5rdevej 20, DK-6760 Ribe AVK Plast A\/S [&hellip;]<\/p>\n","protected":false},"author":4,"featured_media":0,"parent":31,"menu_order":40,"comment_status":"closed","ping_status":"closed","template":"","meta":{"om_disable_all_campaigns":false,"footnotes":""},"class_list":["post-896","page","type-page","status-publish","hentry"],"acf":[],"aioseo_notices":[],"_links":{"self":[{"href":"https:\/\/www.dmn-net.com\/en\/wp-json\/wp\/v2\/pages\/896","targetHints":{"allow":["GET"]}}],"collection":[{"href":"https:\/\/www.dmn-net.com\/en\/wp-json\/wp\/v2\/pages"}],"about":[{"href":"https:\/\/www.dmn-net.com\/en\/wp-json\/wp\/v2\/types\/page"}],"author":[{"embeddable":true,"href":"https:\/\/www.dmn-net.com\/en\/wp-json\/wp\/v2\/users\/4"}],"replies":[{"embeddable":true,"href":"https:\/\/www.dmn-net.com\/en\/wp-json\/wp\/v2\/comments?post=896"}],"version-history":[{"count":9,"href":"https:\/\/www.dmn-net.com\/en\/wp-json\/wp\/v2\/pages\/896\/revisions"}],"predecessor-version":[{"id":5644,"href":"https:\/\/www.dmn-net.com\/en\/wp-json\/wp\/v2\/pages\/896\/revisions\/5644"}],"up":[{"embeddable":true,"href":"https:\/\/www.dmn-net.com\/en\/wp-json\/wp\/v2\/pages\/31"}],"wp:attachment":[{"href":"https:\/\/www.dmn-net.com\/en\/wp-json\/wp\/v2\/media?parent=896"}],"curies":[{"name":"wp","href":"https:\/\/api.w.org\/{rel}","templated":true}]}}