{"id":885,"date":"2022-08-31T11:30:48","date_gmt":"2022-08-31T09:30:48","guid":{"rendered":"https:\/\/dmn.cmswordpress.dk\/?page_id=885"},"modified":"2024-01-15T14:56:33","modified_gmt":"2024-01-15T14:56:33","slug":"member-overview","status":"publish","type":"page","link":"https:\/\/www.dmn-net.com\/en\/alunet\/member-overview\/","title":{"rendered":"Member overview"},"content":{"rendered":"<ol class=\"members-list\">\n<li><a href=\"https:\/\/www.aluminium.dk\/\" target=\"_blank\" rel=\"noopener\">ab Aluminium A\/S<\/a><br \/>\nPantervej 7, DK-7700 Thisted<\/li>\n<li><a href=\"https:\/\/steelproducts.dk\/\" target=\"_blank\" rel=\"noopener\">Aage \u00d8stergaard Horsens A\/S (Steel Products)<\/a><br \/>\nIslandsvej 25, DK-8700 Horsens<\/li>\n<li><a href=\"http:\/\/www.hai.dk\/\" target=\"_blank\" rel=\"noopener\">A\/S HAI Horsens<\/a><br \/>\nF\u00e6r\u00f8vej 4, DK-8700 Horsens<\/li>\n<li><a href=\"http:\/\/aluparts.dk\/\" target=\"_blank\" rel=\"noopener\">Alu Parts ApS<\/a><br \/>\nB\u00f8dkervej 3, DK-7600 Struer<\/li>\n<li><a href=\"https:\/\/toender-gym.dk\/om-skolen\/alu-science-center.html\" target=\"_blank\" rel=\"noopener\">Alu Science Center T\u00f8nder, T\u00f8nder Gymnasium<\/a><br \/>\nAstronom Hansensgade 9, DK-6270 T\u00f8nder<\/li>\n<li><a href=\"http:\/\/www.alu-comp.dk\/\" target=\"_blank\" rel=\"noopener\">Alu-Comp A\/S<\/a><br \/>\nRolsh\u00f8jvej 19-21, DK-8500 Gren\u00e5<\/li>\n<li><a href=\"http:\/\/www.alumeco.dk\/\" target=\"_blank\" rel=\"noopener\">ALUMECO A\/S<\/a><br \/>\nN\u00e6sbyvej 26, DK-5000 Odense C<\/li>\n<li><a href=\"https:\/\/www.danskindustri.dk\/medlemsforeninger\/aluminium-danmark\/\" target=\"_blank\" rel=\"noopener\">Aluminium Danmark<\/a><br \/>\nH.C. Andersens Boulevard 18, DK-1787 K\u00f8benhavn V<\/li>\n<li><a href=\"http:\/\/www.alusteel.dk\/\" target=\"_blank\" rel=\"noopener\">ALUSTEEL ApS<\/a><br \/>\nOdensevej 36, DK-5772 Kv\u00e6rndrup<\/li>\n<li><a href=\"http:\/\/www.bang-olufsen.com\/da\" target=\"_blank\" rel=\"noopener\">Bang &amp; Olufsen A\/S<\/a><br \/>\nPeter Bangs Vej 15, DK-7600 Struer<\/li>\n<li><a href=\"https:\/\/www.hartmann-packaging.com\/world\/\" target=\"_blank\" rel=\"noopener\">Br\u00f8drene Hartmann A\/S<\/a><br \/>\nHartmannsvej 2, DK-6270 T\u00f8nder<\/li>\n<li><a href=\"http:\/\/www.cemecon.dk\/\" target=\"_blank\" rel=\"noopener\">CemeCon Scandinavia A\/S<\/a><br \/>\nNavervej 28, DK-8382 Hinnerup<\/li>\n<li><a href=\"https:\/\/chromaviso.com\/\" target=\"_blank\" rel=\"noopener\">Chromaviso A\/S<\/a><br \/>\nFinlandsgade 25A, DK-8200 Aarhus N<\/li>\n<li><a href=\"http:\/\/corona.cflex.com\/\" target=\"_blank\" rel=\"noopener\">Constantia Copenhagen ApS<\/a><br \/>\nVejle\u00e5vej 46, DK-2635 Ish\u00f8j<\/li>\n<li><a href=\"http:\/\/www.anodisering.dk\/\" target=\"_blank\" rel=\"noopener\">DAI Dansk Anodiserings\u00a0 Industri A\/S<\/a><br \/>\nPantervej 20-22, DK-7700 Thisted<\/li>\n<li><a href=\"http:\/\/www.danish-tool.com\/\" target=\"_blank\" rel=\"noopener\">Danish Tool Productions ApS<\/a><br \/>\nJomfrul\u00f8kken 11, DK-8930 Randers S\u00d8<\/li>\n<li><a href=\"http:\/\/dmtas.dk\/\" target=\"_blank\" rel=\"noopener\">Dansk Materiale Teknik A\/S<\/a><br \/>\nSmedeholm 8, DK-2730 Herlev<\/li>\n<li><a href=\"http:\/\/diatom.dk\/\" target=\"_blank\" rel=\"noopener\">Diatom A\/S<\/a><br \/>\nAved\u00f8reholmen 84, DK-2650 Hvidovre<\/li>\n<li><a href=\"https:\/\/www.easj.dk\/easj-slagelse\/\" target=\"_blank\" rel=\"noopener\">Erhvervsakademi Sj\u00e6lland &#8211; Slagelse<\/a><br \/>\nBredahlsgade 1, DK-4200 Slagelse<\/li>\n<li><a href=\"https:\/\/furnipart.dk\/\" target=\"_blank\" rel=\"noopener\">Furnipart A\/S<\/a><br \/>\nDelta 2, S\u00f8toften, DK-8392 Hinnerup<\/li>\n<li><a href=\"http:\/\/gjcoating.dk\/\" target=\"_blank\" rel=\"noopener\">GJ Coating ApS<\/a><br \/>\n\u00c6blegyden 18, DK-5592 Ejby<\/li>\n<li><a href=\"http:\/\/www.hshansen.dk\/\" target=\"_blank\" rel=\"noopener\">HSHansen a\/s<\/a><br \/>\nBredgade 4, DK-6940 Lem St.<\/li>\n<li><a href=\"https:\/\/www.ht-bendix.dk\/\" target=\"_blank\" rel=\"noopener\">HT BENDIX A\/S<\/a><br \/>\nR\u00f8nnevej 4, DK-7400 Herning<\/li>\n<li><a href=\"https:\/\/www.hydra.dk\/store\/hydra\/da\" target=\"_blank\" rel=\"noopener\">Hydra-Grene A\/S<\/a><br \/>\nB\u00e6kg\u00e5rdsvej 36, DK-6900 Skjern<\/li>\n<li><a href=\"https:\/\/www.jual.dk\/site\/home.asp?lang=dk\" target=\"_blank\" rel=\"noopener\">Jual A\/S<\/a><br \/>\nIndustrivej 14, DK-7130 Juelsminde<\/li>\n<li><a href=\"http:\/\/kirkholm.dk\/\" target=\"_blank\" rel=\"noopener\">Kirkholm Maskiningeni\u00f8rer A\/S<\/a><br \/>\nGodth\u00e5bsvej 33, DK-8660 Skanderborg<\/li>\n<li><a href=\"https:\/\/www.metalcolour.com\/\" target=\"_blank\" rel=\"noopener\">Metalcolour A\/S<\/a><br \/>\nAgrovej 6, DK-4800 Nyk\u00f8bing F<\/li>\n<li><a href=\"https:\/\/www.novenco-building.com\/\">Novenco Building &amp; Industry A\/S<\/a><br \/>\nIndustrivej 22, DK-4700 N\u00e6stved<\/li>\n<li><a href=\"https:\/\/produktionsteknik.dk\/\">Produktionsteknik ApS<\/a><br \/>\nHans Egedes Vej 14, DK-5210 Odense<\/li>\n<li><a href=\"http:\/\/www.sdu.dk\/\" target=\"_blank\" rel=\"noopener\">SDU Innovation and Design Engineering<\/a><br \/>\nCampusvej 55, DK-5230 Odense M<\/li>\n<li><a href=\"https:\/\/www.speira.com\/\" target=\"_blank\" rel=\"noopener\">Speira Denmark A\/S<\/a><br \/>\nSmedegade 2A, 2. tv., DK-4200 Slagelse<\/li>\n<li><a href=\"https:\/\/stilling.dk\/\" target=\"_blank\" rel=\"noopener\">Stilling A\/S<\/a><br \/>\nMidtager 9A, DK-Br\u00f8ndby<\/li>\n<li><a href=\"http:\/\/www.sur-tech.dk\/DK\/\" target=\"_blank\" rel=\"noopener\">Sur-Tech A\/S<\/a><br \/>\nBygmarken 1-3, DK-3520 Farum<\/li>\n<li><a href=\"http:\/\/www.tibnor.dk\/\" target=\"_blank\" rel=\"noopener\">Tibnor A\/S<\/a><br \/>\nKlokkest\u00f8bervej 18, 2., DK-5230 Odense M<\/li>\n<li><a href=\"https:\/\/www.universal-robots.com\/da\/\" target=\"_blank\" rel=\"noopener\">Universal Robots A\/S<\/a><br \/>\nEnergivej 25, DK-5260 Odense S<\/li>\n<li><a href=\"http:\/\/www.vestjyskindustrilakering.dk\/\" target=\"_blank\" rel=\"noopener\">Vestjysk Industrilakering A\/S<\/a><br \/>\nIndustrivej 4, DK-6900 Skjern<\/li>\n<\/ol>\n","protected":false},"excerpt":{"rendered":"<p>ab Aluminium A\/S Pantervej 7, DK-7700 Thisted Aage \u00d8stergaard Horsens A\/S (Steel Products) Islandsvej 25, DK-8700 Horsens A\/S HAI Horsens F\u00e6r\u00f8vej 4, DK-8700 Horsens Alu Parts ApS B\u00f8dkervej 3, DK-7600 Struer Alu Science Center T\u00f8nder, T\u00f8nder Gymnasium Astronom Hansensgade 9, DK-6270 T\u00f8nder Alu-Comp A\/S Rolsh\u00f8jvej 19-21, DK-8500 Gren\u00e5 ALUMECO A\/S N\u00e6sbyvej 26, DK-5000 Odense C [&hellip;]<\/p>\n","protected":false},"author":4,"featured_media":0,"parent":29,"menu_order":30,"comment_status":"closed","ping_status":"closed","template":"","meta":{"om_disable_all_campaigns":false,"footnotes":""},"class_list":["post-885","page","type-page","status-publish","hentry"],"acf":[],"aioseo_notices":[],"_links":{"self":[{"href":"https:\/\/www.dmn-net.com\/en\/wp-json\/wp\/v2\/pages\/885","targetHints":{"allow":["GET"]}}],"collection":[{"href":"https:\/\/www.dmn-net.com\/en\/wp-json\/wp\/v2\/pages"}],"about":[{"href":"https:\/\/www.dmn-net.com\/en\/wp-json\/wp\/v2\/types\/page"}],"author":[{"embeddable":true,"href":"https:\/\/www.dmn-net.com\/en\/wp-json\/wp\/v2\/users\/4"}],"replies":[{"embeddable":true,"href":"https:\/\/www.dmn-net.com\/en\/wp-json\/wp\/v2\/comments?post=885"}],"version-history":[{"count":7,"href":"https:\/\/www.dmn-net.com\/en\/wp-json\/wp\/v2\/pages\/885\/revisions"}],"predecessor-version":[{"id":5639,"href":"https:\/\/www.dmn-net.com\/en\/wp-json\/wp\/v2\/pages\/885\/revisions\/5639"}],"up":[{"embeddable":true,"href":"https:\/\/www.dmn-net.com\/en\/wp-json\/wp\/v2\/pages\/29"}],"wp:attachment":[{"href":"https:\/\/www.dmn-net.com\/en\/wp-json\/wp\/v2\/media?parent=885"}],"curies":[{"name":"wp","href":"https:\/\/api.w.org\/{rel}","templated":true}]}}