{"id":1313,"date":"2022-09-04T14:39:29","date_gmt":"2022-09-04T14:39:29","guid":{"rendered":"https:\/\/dmn.cmswordpress.dk\/?page_id=1313"},"modified":"2024-01-15T14:55:46","modified_gmt":"2024-01-15T14:55:46","slug":"member-overview","status":"publish","type":"page","link":"https:\/\/www.dmn-net.com\/en\/danish-materials-network\/membership\/member-overview\/","title":{"rendered":"Member Overview"},"content":{"rendered":"<ol class=\"members-list\">\n<li><a href=\"https:\/\/www.aluminium.dk\/\" target=\"_blank\" rel=\"noopener\">ab Aluminium A\/S<\/a>, Pantervej 7, DK-7700 Thisted<\/li>\n<li><a href=\"https:\/\/agonlifting.com\/da\/\" target=\"_blank\" rel=\"noopener\">Agon A\/S<\/a>, Gammelbro 70E, 1 9., DK-7190 Billund<\/li>\n<li><a href=\"http:\/\/www.alu-comp.dk\/\" target=\"_blank\" rel=\"noopener\">Alu-Comp A\/S<\/a>, Rolsh\u00f8jvej 19-21, DK-8500 Gren\u00e5<\/li>\n<li><a href=\"http:\/\/www.alumeco.com\/\" target=\"_blank\" rel=\"noopener\">ALUMECO A\/S<\/a>, N\u00e6sbyvej 26, DK-5000 Odense C<\/li>\n<li><a href=\"http:\/\/www.hai.dk\/?AreaID=13\" target=\"_blank\" rel=\"noopener\">A\/S HAI Horsens<\/a>, F\u00e6r\u00f8vej 4, DK-8700 Horsens<\/li>\n<li>A\/S \u00d8stbirk Bygningsindustri, Heimdalsvej 19, DK-7200 Grindsted<\/li>\n<li><a href=\"http:\/\/www.agtrup-plast.dk\/\" target=\"_blank\" rel=\"noopener\">Agtrup Plast ApS<\/a>, Essen 12, DK-6000 Kolding<\/li>\n<li><a href=\"http:\/\/www.albis.com\/en\/\" target=\"_blank\" rel=\"noopener\">Albis Plastic Scandinavia AB<\/a>,\u00a0Postgatan 28, S-411 06 G\u00f6teborg<\/li>\n<li><a href=\"http:\/\/www.altha.dk\/\" target=\"_blank\" rel=\"noopener\">Altha ApS<\/a>, Hvidbjergvej 7C, DK-7080 B\u00f8rkop<\/li>\n<li><a href=\"http:\/\/tmaluparts.dk\/\" target=\"_blank\" rel=\"noopener\">Alu Parts ApS<\/a>, B\u00f8dkervej 3, DK-7600 Struer<\/li>\n<li><a href=\"https:\/\/toender-gym.dk\/om-skolen\/alu-science-center.html\">Alu Science Center T\u00f8nder &#8211; T\u00f8nder Gymnasium<\/a>, Astronom Hansensgade 9, DK-6270 T\u00f8nder<\/li>\n<li><a href=\"http:\/\/www.alu.dk\/\" target=\"_blank\" rel=\"noopener\">Aluminium Danmark<\/a>, H.C. Andersens Boulevard 18, DK-1787 K\u00f8benhavn V<\/li>\n<li><a href=\"http:\/\/www.alusteel.dk\/\" target=\"_blank\" rel=\"noopener\">ALUSTEEL ApS<\/a>, Odensevej 36, DK-5772 Kv\u00e6rndrup<\/li>\n<li><a href=\"http:\/\/www.unichains.com\/en-US\/Home.aspx?AreaID=1\" target=\"_blank\" rel=\"noopener\">Ammeraal Beltech Modular A\/S<\/a>, Hjulmagervej 21, DK-7100 Vejle<\/li>\n<li><a href=\"http:\/\/www.amusyd.dk\/\" target=\"_blank\" rel=\"noopener\">AMU SYD<\/a>, Plastafdelingen, Snepsg\u00e5rdevej 20, DK-6760 Ribe<\/li>\n<li><a href=\"https:\/\/avkplast.dk\/\">AVK Plast A\/S<\/a>, \u00d8ster Vedstedvej 26A, DK-6760 Ribe<\/li>\n<li><a href=\"http:\/\/www.bang-olufsen.com\/en\" target=\"_blank\" rel=\"noopener\">Bang &amp; Olufsen A\/S<\/a>, Peter Bangs Vej 15, DK-7600 Struer<\/li>\n<li><a href=\"http:\/\/www.basf.dk\/\" target=\"_blank\" rel=\"noopener\">BASF A\/S<\/a>, Ved Stadsgraven 15, DK-2300 K\u00f8benhavn S<\/li>\n<li><a href=\"http:\/\/superfos.com\/\">Berry Superfos Randers A\/S<\/a>, Haraldsvej 25, DK-8960 Randers S\u00d8<\/li>\n<li><a href=\"http:\/\/www.bogenseplast.dk\/\" target=\"_blank\" rel=\"noopener\">Bogense Plast as<\/a>, Fynsvej 14, DK-5400 Bogense<\/li>\n<li><a href=\"http:\/\/www.hartmann.dk\/\" target=\"_blank\" rel=\"noopener\">Br\u00f8drene Hartmann A\/S<\/a>, Hartmannsvej 2, DK-6270 T\u00f8nder<\/li>\n<li><a href=\"https:\/\/www.businessesbjerg.com\/en\/\" target=\"_blank\" rel=\"noopener\">Business Esbjerg<\/a>, Niels Bohrs Vej 6, DK-6700 Esbjerg<\/li>\n<li><a href=\"https:\/\/www.cemecon.dk\/en\/\" target=\"_blank\" rel=\"noopener\">CemeCon Scandinavia A\/S<\/a>, Navervej 28, DK-8382 Hinnerup<\/li>\n<li><a href=\"https:\/\/chromaviso.com\/\" target=\"_blank\" rel=\"noopener\">Chromaviso A\/S<\/a>, Finlandsgade 25A, DK-8200 Aarhus N<\/li>\n<li><a href=\"http:\/\/www.coloplast.com\/\" target=\"_blank\" rel=\"noopener\">Coloplast A\/S<\/a>, Holtedam 1, DK-3050 Humleb\u00e6k<\/li>\n<li><a href=\"https:\/\/www.cflex.com\/locations\/constantia-copenhagen-denmark\/\">Constantia Copenhagen ApS<\/a>, Vejle\u00e5vej 46, DK-2635 Ish\u00f8j<\/li>\n<li><a href=\"http:\/\/www.conpol.com\/\" target=\"_blank\" rel=\"noopener\">Controlled Polymers A\/S<\/a>, Bohrsvej 8, DK-6760 Ribe<\/li>\n<li><a href=\"http:\/\/www.cooptrading.com\/\" target=\"_blank\" rel=\"noopener\">Coop Trading A\/S<\/a>, Helgesh\u00f8j All\u00e9 57, DK-2630 Taastrup<\/li>\n<li><a href=\"http:\/\/www.anodisering.dk\/\" target=\"_blank\" rel=\"noopener\">DAI Dansk Anodiserings\u00a0 Industri A\/S<\/a>, Pantervej 20-22, DK-7700 Thisted<\/li>\n<li><a href=\"https:\/\/dan-foam.dk\/\">DanFoam<\/a>, Holmelund 43, DK-5560 Aarup<\/li>\n<li><a href=\"http:\/\/www.danishfibres.dk\/en\/\" target=\"_blank\" rel=\"noopener\">Danish Fibres<\/a>, Snedkervej 1, DK-6800 Varde<\/li>\n<li><a href=\"https:\/\/www.danish-tool.com\/\" target=\"_blank\" rel=\"noopener\">Danish Tool Productions ApS<\/a>, Jomfrul\u00f8kken 11, DK-8930 Randers S\u00d8<\/li>\n<li><a href=\"https:\/\/dkaffald.dk\/\" target=\"_blank\" rel=\"noopener\">Dansk Affaldsminimering ApS<\/a>, Industriparken 2, DK-8870 Lang\u00e5<\/li>\n<li><a href=\"http:\/\/en.dbi-net.dk\/\" target=\"_blank\" rel=\"noopener\">Dansk Brand- og Sikringsteknisk Institut (DBI)<\/a>, Jernholmen 12, DK-2650 Hvidovre<\/li>\n<li><a href=\"http:\/\/www.dfm.dtu.dk\/index.php?id=254\" target=\"_blank\" rel=\"noopener\">Dansk Fundamental Metrologi A\/S<\/a>,\u00a0Kogle Alle 5, 1., DK-2970 H\u00f8rsholm<\/li>\n<li><a href=\"https:\/\/www.danskgummi.dk\/en\/\" target=\"_blank\" rel=\"noopener\">Dansk Gummi Industri A\/S<\/a>, Profilvej 18, DK-6000 Kolding<\/li>\n<li><a href=\"https:\/\/dmtas.dk\/\" target=\"_blank\" rel=\"noopener\">Dansk Materiale Teknik A\/S<\/a>,\u00a0Smedeholm 8, DK-2730 Herlev<\/li>\n<li><a href=\"https:\/\/www.dencker.net\/\">Dencker A\/S<\/a>, F\u00e6r\u00f8vej 2, DK-7900 Nyk\u00f8bing Mors<\/li>\n<li><a href=\"https:\/\/www.desmi.com\/pumps.aspx\" target=\"_blank\" rel=\"noopener\">DESMI Ro-Clean A\/S<\/a>,\u00a0Hestehaven 61, DK-5260 Odense S<\/li>\n<li><a href=\"http:\/\/diatom.dk\/\" target=\"_blank\" rel=\"noopener\">Diatom A\/S<\/a>, Aved\u00f8reholmen 84, DK-2650 Hvidovre<\/li>\n<li><a href=\"http:\/\/ehrno.dk\/\" target=\"_blank\" rel=\"noopener\">EHRNO flexible a\/s<\/a>, Industrivej Nord 5, DK-7400 Herning<\/li>\n<li><a href=\"https:\/\/elbaekconsult.dk\/\" target=\"_blank\" rel=\"noopener\">Elb\u00e6k Consult<\/a>, Kaalundsvej 7, DK-5230 Odense M<\/li>\n<li><a href=\"http:\/\/www.elektro-isola.com\/\" target=\"_blank\" rel=\"noopener\">Elektro-Isola A\/S<\/a>, Gr\u00f8nlandsvej 197, DK-7100 Vejle<\/li>\n<li>Embla v\/Birgit Kj\u00e6rside Storm,\u00a0Gabelsparken 82, DK-6740 Bramming<\/li>\n<li><a href=\"https:\/\/endotest.dk\/\" target=\"_blank\" rel=\"noopener\">ENDOTEST A\/S<\/a>, Hersegade 20, DK-4000 Roskilde<\/li>\n<li><a href=\"https:\/\/eicluster.dk\/about-energy-innovation-cluster\" target=\"_blank\" rel=\"noopener\">Energy Innovation Cluster<\/a>, Kanalen 1, DK-6700 Esbjerg<\/li>\n<li><a href=\"http:\/\/www.ensinger.dk\/dk\/\" target=\"_blank\" rel=\"noopener\">Ensinger Danmark A\/S<\/a>, Rugv\u00e6nget 6B, DK-4100 Ringsted<\/li>\n<li><a href=\"http:\/\/erteco.se\/en\/\" target=\"_blank\" rel=\"noopener\">Erteco Rubber &amp; Plastics<\/a>, Gunhilds Plads 6, 2., DK-7100 Vejle<\/li>\n<li><a href=\"http:\/\/www.esbjergkommune.dk\/welcome-to-esbjerg.aspx\" target=\"_blank\" rel=\"noopener\">Esbjerg Kommune<\/a>, Torvegade 74, DK-6700 Esbjerg<\/li>\n<li><a href=\"http:\/\/www.eurofins.dk\/dk\/product-testing.aspx\" target=\"_blank\" rel=\"noopener\">Eurofins Product Testing A\/S<\/a>, Smedeskovvej 38, DK-8464 Galten<\/li>\n<li><a href=\"https:\/\/fiberline.com\/\" target=\"_blank\" rel=\"noopener\">Fiberline Composites A\/S<\/a>, Barmstedt All\u00e9 5, DK-5500 Middelfart<\/li>\n<li><a href=\"http:\/\/www.forbo.com\/movement\/en-uk\/\" target=\"_blank\" rel=\"noopener\">Forbo Siegling Danmark A\/S<\/a>, Industrivej 15, DK-6640 Lunderskov<\/li>\n<li><a href=\"https:\/\/furnipart.dk\/\" target=\"_blank\" rel=\"noopener\">Furnipart A\/S<\/a>, Delta 2, S\u00f8toften, DK-8392 Hinnerup<\/li>\n<li><a href=\"http:\/\/gibo.dk\/en\/\" target=\"_blank\" rel=\"noopener\">GIBO PLAST A\/S<\/a>, Industrivej 12, DK-8918 Spentrup<\/li>\n<li><a href=\"https:\/\/gjcoating.dk\/\" target=\"_blank\" rel=\"noopener\">GJ Coating ApS<\/a>,\u00a0\u00c6blegyden 18, DK-5592 Ejby<\/li>\n<li><a href=\"http:\/\/uk.grundfos.com\/\" target=\"_blank\" rel=\"noopener\">Grundfoss A\/S<\/a>, Poul Due Jensens Vej 7, DK-8850 Bjerringbro<\/li>\n<li><a href=\"http:\/\/www.houseofcomposites.com\/\" target=\"_blank\" rel=\"noopener\">House of Composites ApS<\/a>, \u00d8dis Enghave 2, DK-6580 Vamdrup<\/li>\n<li><a href=\"https:\/\/house-of-energy.dk\/en\/\" target=\"_blank\" rel=\"noopener\">House of Energy<\/a>, Boulevarden 13, DK-9000 Aalborg<\/li>\n<li><a href=\"http:\/\/www.hshansen.dk\/\" target=\"_blank\" rel=\"noopener\">HSHansen a\/s<\/a>,\u00a0Bredgade 4, DK-6940 Lem St.<\/li>\n<li><a href=\"https:\/\/www.ht-bendix.dk\/\" target=\"_blank\" rel=\"noopener\">HT BENDIX A\/S<\/a>, R\u00f8nnevej 4, DK-7400 Herning<\/li>\n<li><a href=\"https:\/\/www.hydra.dk\/store\/hydra\/en\" target=\"_blank\" rel=\"noopener\">Hydra-Specma A\/S<\/a>, B\u00e6kg\u00e5rdsvej 36, DK-6900 Skjern<\/li>\n<li><a href=\"https:\/\/www.jual.dk\/site\/home.asp?lang=dk\" target=\"_blank\" rel=\"noopener\">Jual A\/S<\/a>, Industrivej 14, DK-7130 Juelsminde<\/li>\n<li><a href=\"http:\/\/kirkholm.dk\/\" target=\"_blank\" rel=\"noopener\">Kirkholm Maskiningeni\u00f8rer A\/S<\/a>, Godth\u00e5bsvej 33, DK-8660 Skanderborg<\/li>\n<li><a href=\"https:\/\/letbek.com\/?lang=da\" target=\"_blank\" rel=\"noopener\">Letbek A\/S<\/a>, Hornevej 18, DK-6862 Tistrup<\/li>\n<li><a href=\"http:\/\/www.linak.co.uk\/\" target=\"_blank\" rel=\"noopener\">Linak A\/S<\/a>,\u00a0Smedev\u00e6nget 8 , Guderup, DK-6430 Nordborg<\/li>\n<li><a href=\"http:\/\/www.linatex.info\/home_eng.php\" target=\"_blank\" rel=\"noopener\">Linatex A\/S<\/a>, Smedeholm 3-5, DK-2730 Herlev<\/li>\n<li><a href=\"https:\/\/logicon-nordic.dk\/\">LogiCon Nordic A\/S<\/a>, Kokbjerg 25, DK-6000 Kolding<\/li>\n<li><a href=\"https:\/\/www.macartney.com\/\" target=\"_blank\" rel=\"noopener\">MacArtney A\/S<\/a>,\u00a0Gl. Guldagervej 48, DK-6710 Esbjerg V<\/li>\n<li><a href=\"https:\/\/www.mmf.dk\/\" target=\"_blank\" rel=\"noopener\">Maskinmestrenes Forening<\/a>,\u00a0Sankt Ann\u00e6 Plads 16, DK-1250 K\u00f8benhavn K<\/li>\n<li>Mekanor Spf., T\u00favuvegur 8, FO-700 Klaksvik<\/li>\n<li><a href=\"https:\/\/meneta.dk\/products\/sealing-products\/\">Meneta Composite Materials<\/a>, Strandholtvej 49, DK-5270 Odense N<\/li>\n<li><a href=\"https:\/\/www.metalcolour.com\/\" target=\"_blank\" rel=\"noopener\">Metalcolour A\/S<\/a>,\u00a0Agrovej 6, DK-4800 Nyk\u00f8bing F<\/li>\n<li><a href=\"https:\/\/www.micro-matic.com\/en\/\">Micro Matic A\/S<\/a>, Holkebjergvej 48, DK-5250 Odense SV<\/li>\n<li><a href=\"http:\/\/www.ngi.dk\/\" target=\"_blank\" rel=\"noopener\">NGI A\/S<\/a>, Virkelyst 5, DK-9500 N\u00f8rresundby<\/li>\n<li><a href=\"https:\/\/nordvaerk.dk\/\">Nordv\u00e6rk I\/S<\/a>, Troensevej 2, DK-9220 Aalborg \u00d8st<\/li>\n<li><a href=\"https:\/\/www.nov.com\/products\/flexible-pipe-products\">NOV Flexibles<\/a>, Priorparken 480, DK-2605 Br\u00f8ndby<\/li>\n<li><a href=\"https:\/\/www.novenco-building.com\/\">Novenco Building &amp; Industry A\/S<\/a>, Industrivej 22, DK-4700 N\u00e6stved<\/li>\n<li><a href=\"http:\/\/www.palsgaard.com\/\" target=\"_blank\" rel=\"noopener\">Palsgaard A\/S<\/a>, Palsgaardsvej 10, DK-7130 Juelsminde<\/li>\n<li><a href=\"http:\/\/www.aarsleff.com\/expertise\/construction\/sewer-renewal\" target=\"_blank\" rel=\"noopener\">Per Aarsleff A\/S &#8211; R\u00f8rteknik<\/a>, Lokesvej 15, DK-8230 \u00c5byh\u00f8j<\/li>\n<li><a href=\"http:\/\/www.plastcenter.dk\/\" target=\"_blank\" rel=\"noopener\">Plast Center Danmark<\/a>, Niels Bohrs Vej 6, DK-6700 Esbjerg<\/li>\n<li><a href=\"http:\/\/plast.dk\/en\/\" target=\"_blank\" rel=\"noopener\">Plastindustrien i Danmark<\/a>, N\u00f8rre Voldgade 48, DK-1358 K\u00f8benhavn K<\/li>\n<li><a href=\"https:\/\/polyprint.dk\/en\/\" target=\"_blank\" rel=\"noopener\">Polyprint A\/S<\/a>,\u00a0Reprovej 5, DK-8722 Hedensted<\/li>\n<li><a href=\"http:\/\/www.primo.dk\/\" target=\"_blank\" rel=\"noopener\">Primo Danmark A\/S<\/a>, Jernbanegade 11, DK-6862 Tistrup<\/li>\n<li><a href=\"https:\/\/produktionsteknik.dk\/\">Produktionsteknik ApS<\/a>, Hans Egedes Vej 14, DK-5210 Odense<\/li>\n<li><a href=\"https:\/\/quantafuel.com\/\" target=\"_blank\" rel=\"noopener\">Quantafuel Skive ApS<\/a>, Greenlab 19, DK-7860 Sp\u00f8ttrup<\/li>\n<li><a href=\"https:\/\/www.ragnsells.dk\/\">Ragnsells Danmark A\/S<\/a>, Industridalen 10B, DK-8870 Lang\u00e5<\/li>\n<li><a href=\"http:\/\/rcplast.dk\/en\" target=\"_blank\" rel=\"noopener\">RC Plast A\/S<\/a>, Gellerupvej 112, DK-6700 Varde<\/li>\n<li><a href=\"https:\/\/redivivuspolymers.com\/\">Redivivus Polymers ApS<\/a>, Vesterbro 67, DK-8970 Havndal<\/li>\n<li><a href=\"https:\/\/rsip.com\/?lang=en\" target=\"_blank\" rel=\"noopener\">Rolf Schmidt Industriplast A\/S<\/a>,\u00a0Jernet 4H, DK-6000 Kolding<\/li>\n<li><a href=\"http:\/\/www.rustek.dk\/uk\/\" target=\"_blank\" rel=\"noopener\">Rustek<\/a>, Bj\u00f8rnevej 3, DK-7800 Skive<\/li>\n<li><a href=\"https:\/\/www.roechling.com\/\" target=\"_blank\" rel=\"noopener\">R\u00f6chling Meta Plast A\/S<\/a>,\u00a0T\u00f8jstrupvej 31, DK-8961 Alling\u00e5bro<\/li>\n<li><a href=\"http:\/\/www.sdu.dk\/en\/\" target=\"_blank\" rel=\"noopener\">SDU Innovation and Design Engineering<\/a>, Campusvej 55, DK-5230 Odense M<\/li>\n<li><a href=\"http:\/\/sempercycle.com\/\" target=\"_blank\" rel=\"noopener\">SemperCycle ApS<\/a>, Sortemosevej 21, DK-3450 Aller\u00f8d<\/li>\n<li><a href=\"https:\/\/www.sky-light.com\/da-dk?1\">SKY-LIGHT A\/S<\/a>, T\u00f8mrervej 36, DK-6800 Varde<\/li>\n<li>SOEREN DROMPH, Gl. Strandvej 59a, DK-3050 Humleb\u00e6k<\/li>\n<li><a href=\"https:\/\/www.speira.com\/\">Speira Denmark A\/S<\/a>, Smedegade 2 A, 2. tv., DK-4200 Slagelse<\/li>\n<li><a href=\"http:\/\/www.spxft.com\/\" target=\"_blank\" rel=\"noopener\">SPX Flow Technology Danmark A\/S<\/a>, Pasteursvej 1, DK-8600 Silkeborg<\/li>\n<li><a href=\"http:\/\/www.st-plast.dk\/\" target=\"_blank\" rel=\"noopener\">ST Plast a\/s<\/a>, Falkevej 3, DK-6705 Esbjerg \u00d8<\/li>\n<li><a href=\"https:\/\/stilling.dk\/\" target=\"_blank\" rel=\"noopener\">Stilling A\/S<\/a>, Midtager 9A, DK-2605 Br\u00f8ndby<\/li>\n<li><a href=\"http:\/\/www.sur-tech.dk\/uk\/\" target=\"_blank\" rel=\"noopener\">Sur-Tech A\/S<\/a>, Bygmarken 1-3, DK-3520 Farum<\/li>\n<li><a href=\"https:\/\/www.sde.dk\/\" target=\"_blank\" rel=\"noopener\">Syddansk Erhvervsskole<\/a>, Risingsvej 60, DK-5000 Odense C<\/li>\n<li>S\u00f8ren Hvilsted, Grundtmannsvej 4, DK-2970 H\u00f8rsholm<\/li>\n<li><a href=\"https:\/\/textilechange.com\/\" target=\"_blank\" rel=\"noopener\">Textile Change<\/a>, Tysklandsvej 7, DK-7100 Vejle<\/li>\n<li><a href=\"http:\/\/www.tibnor.dk\/\" target=\"_blank\" rel=\"noopener\">Tibnor A\/S<\/a>, Klokkest\u00f8bervej 18, 2., DK-5230 Odense M<\/li>\n<li><a href=\"https:\/\/www.trioworld.com\/en\/\">Trioplast Nyborg A\/S<\/a>, T\u00e5singevej 1, DK-5800 Nyborg<\/li>\n<li><a href=\"https:\/\/www.universal-robots.com\/\" target=\"_blank\" rel=\"noopener\">Universal Robots A\/S<\/a>,\u00a0Energivej 25, DK-5260 Odense S<\/li>\n<li><a href=\"http:\/\/www.velux.com\/\" target=\"_blank\" rel=\"noopener\">VELUX A\/S<\/a>, Industrivej 22, DK-8752 \u00d8stbirk<\/li>\n<li><a href=\"http:\/\/www.vestjyskindustrilakering.dk\/\" target=\"_blank\" rel=\"noopener\">Vestjysk Industrilakering A\/S<\/a>, Industrivej 4, DK-6900 Skjern<\/li>\n<li><a href=\"http:\/\/www.viking-life.com\/\" target=\"_blank\" rel=\"noopener\">Viking Life-Saving Equipment A\/S<\/a>, S\u00e6dding Ringvej 13, DK-6710 Esbjerg V<\/li>\n<li><a href=\"https:\/\/www.x-yachts.com\/en\/\" target=\"_blank\" rel=\"noopener\">X-Yachts A\/S<\/a>, Fjordagervej 21, DK-6100 Haderslev<\/li>\n<li><a href=\"https:\/\/zealand.com\/zibat-slagelse\/\" target=\"_blank\" rel=\"noopener\">Zealand<\/a>,\u00a0Bredahlsgade 1, DK-4200 Slagelse<\/li>\n<li><a href=\"https:\/\/steelproducts.dk\/en\/\" target=\"_blank\" rel=\"noopener\">Aage \u00d8stergaard Horsens A\/S (Steel Products)<\/a>,\u00a0Islandsvej 25, DK-8700 Horsens<\/li>\n<li><a href=\"http:\/\/www.en.aau.dk\/\" target=\"_blank\" rel=\"noopener\">Aalborg Universitet<\/a>, Fibigerstr\u00e6de 16, DK-9220 Aalborg \u00d8st<\/li>\n<li><a href=\"http:\/\/ingenioer.au.dk\/en\/\" target=\"_blank\" rel=\"noopener\">Aarhus Universitet &#8211; Institut for Mekanik og Produktion<\/a>,\u00a0Inge Lehmanns Gade 10, SK-8000 Aarhus C<\/li>\n<\/ol>\n","protected":false},"excerpt":{"rendered":"<p>ab Aluminium A\/S, Pantervej 7, DK-7700 Thisted Agon A\/S, Gammelbro 70E, 1 9., DK-7190 Billund Alu-Comp A\/S, Rolsh\u00f8jvej 19-21, DK-8500 Gren\u00e5 ALUMECO A\/S, N\u00e6sbyvej 26, DK-5000 Odense C A\/S HAI Horsens, F\u00e6r\u00f8vej 4, DK-8700 Horsens A\/S \u00d8stbirk Bygningsindustri, Heimdalsvej 19, DK-7200 Grindsted Agtrup Plast ApS, Essen 12, DK-6000 Kolding Albis Plastic Scandinavia AB,\u00a0Postgatan 28, S-411 [&hellip;]<\/p>\n","protected":false},"author":4,"featured_media":0,"parent":692,"menu_order":30,"comment_status":"closed","ping_status":"closed","template":"","meta":{"om_disable_all_campaigns":false,"footnotes":""},"class_list":["post-1313","page","type-page","status-publish","hentry"],"acf":[],"aioseo_notices":[],"_links":{"self":[{"href":"https:\/\/www.dmn-net.com\/en\/wp-json\/wp\/v2\/pages\/1313","targetHints":{"allow":["GET"]}}],"collection":[{"href":"https:\/\/www.dmn-net.com\/en\/wp-json\/wp\/v2\/pages"}],"about":[{"href":"https:\/\/www.dmn-net.com\/en\/wp-json\/wp\/v2\/types\/page"}],"author":[{"embeddable":true,"href":"https:\/\/www.dmn-net.com\/en\/wp-json\/wp\/v2\/users\/4"}],"replies":[{"embeddable":true,"href":"https:\/\/www.dmn-net.com\/en\/wp-json\/wp\/v2\/comments?post=1313"}],"version-history":[{"count":10,"href":"https:\/\/www.dmn-net.com\/en\/wp-json\/wp\/v2\/pages\/1313\/revisions"}],"predecessor-version":[{"id":4018,"href":"https:\/\/www.dmn-net.com\/en\/wp-json\/wp\/v2\/pages\/1313\/revisions\/4018"}],"up":[{"embeddable":true,"href":"https:\/\/www.dmn-net.com\/en\/wp-json\/wp\/v2\/pages\/692"}],"wp:attachment":[{"href":"https:\/\/www.dmn-net.com\/en\/wp-json\/wp\/v2\/media?parent=1313"}],"curies":[{"name":"wp","href":"https:\/\/api.w.org\/{rel}","templated":true}]}}